{"id":1520,"date":"2024-10-01T10:51:31","date_gmt":"2024-10-01T08:51:31","guid":{"rendered":"https:\/\/lidiaruizrevilla.com\/aviso-legal\/"},"modified":"2024-11-26T13:36:31","modified_gmt":"2024-11-26T12:36:31","slug":"aviso-legal","status":"publish","type":"page","link":"https:\/\/lidiaruizrevilla.com\/es\/aviso-legal\/","title":{"rendered":"Aviso legal"},"content":{"rendered":"\n<div class=\"wp-block-group is-layout-flow wp-block-group-is-layout-flow\"><h1 class=\"wp-block-post-title\">Aviso legal<\/h1>\n\n\n<p>Est\u00e1s en un espacio comprometido con los derechos de sus usuarios, y por esta raz\u00f3n, tendr\u00e1s m\u00e1xima transparencia y rigor sobre todo lo que necesitas saber sobre esta web.<\/p>\n\n\n\n<p>Esta web cumple rigurosamente con la Ley Org\u00e1nica 3\/2018, de 5 de diciembre, de Protecci\u00f3n de Datos Personales y garant\u00eda de los derechos digitales (LOPDGDD). Cumple tambi\u00e9n con el Reglamento (UE) 2016\/679 del Parlamento Europeo y del Consejo de 27 de abril de 2016 relativo a la protecci\u00f3n de las personas f\u00edsicas (RGPD), as\u00ed como con la Ley 34\/2002, de 11 de julio, de Servicios de la Sociedad de la Informaci\u00f3n y Comercio Electr\u00f3nico (LSSICE o LSSI). <\/p>\n\n\n\n<p>Los servicios y\/o productos est\u00e1n disponibles solo para personas jur\u00eddicas y personas que tengan 16 a\u00f1os o m\u00e1s.<\/p>\n\n\n\n<h2 class=\"wp-block-heading\"><strong>IDENTIFICACI\u00d3N DEL RESPONSABLE DE LA WEB<\/strong><\/h2>\n\n\n\n<p>Raz\u00f3n Social: Lidia Ruiz Revilla<\/p>\n\n\n\n<p>NIF: 72088248S<\/p>\n\n\n\n<p>Correo Electr\u00f3nico: hello@lidia.ruizrevilla.com<\/p>\n\n\n\n<p>Domicilio Social: Juan de Herrera 18, 39002, Santander<\/p>\n\n\n\n<p>Actividad Comercial: Consultor\u00eda en Gesti\u00f3n de Proyectos<\/p>\n\n\n\n<h2 class=\"wp-block-heading\"><strong>\u00bfTE PREOCUPAN TUS DATOS PERSONALES?<\/strong><\/h2>\n\n\n\n<p>Lee la <a href=\"https:\/\/lidiaruizrevilla.com\/es\/politica-de-privacidad\/\" data-type=\"page\" data-id=\"1066\">Pol\u00edtica de Privacidad aqu\u00ed<\/a>.<\/p>\n\n\n\n<h2 class=\"wp-block-heading\"><strong>COMPROMISOS Y OBLIGACIONES DE LOS USUARIOS<\/strong><\/h2>\n\n\n\n<p>El usuario queda informado, y acepta, que el acceso a la presente web no supone, en modo alguno, el inicio de una relaci\u00f3n comercial con Lidia Ruiz Revilla. De esta forma, el usuario se compromete a utilizar el sitio web, sus servicios y contenidos sin contravenir la legislaci\u00f3n vigente, la buena fe y el orden p\u00fablico. <\/p>\n\n\n\n<p>Queda prohibido el uso de la web, con fines il\u00edcitos o lesivos, o que, de cualquier forma, puedan causar perjuicio o impedir el normal funcionamiento del sitio web. Respecto de los contenidos de esta web, se proh\u00edbe: <\/p>\n\n\n\n<ul class=\"wp-block-list\">\n<li>Su reproducci\u00f3n, distribuci\u00f3n o modificaci\u00f3n, total o parcial, a menos que se cuente con mi autorizaci\u00f3n como leg\u00edtimo titular.<\/li>\n\n\n\n<li>Cualquier vulneraci\u00f3n de los derechos del prestador o de mi como leg\u00edtimo titular.<\/li>\n\n\n\n<li>Su utilizaci\u00f3n para fines comerciales o publicitarios.<\/li>\n<\/ul>\n\n\n\n<p>En la utilizaci\u00f3n de la web <strong>lidiaruizrevilla.com<\/strong> el usuario se compromete a no llevar a cabo ninguna conducta que pudiera da\u00f1ar la imagen, los intereses y los derechos de Lidia Ruiz Revilla o de terceros, o que pudiera da\u00f1ar, inutilizar o sobrecargar el portal <strong>lidiaruizrevilla.com<\/strong>, o que impidiera, de cualquier forma, la normal utilizaci\u00f3n de la web.<\/p>\n\n\n\n<p>No obstante, el usuario debe ser consciente de que las medidas de seguridad de los sistemas inform\u00e1ticos en Internet no son enteramente fiables y que, por tanto, <strong>lidiaruizrevilla.com<\/strong> no puede garantizar la inexistencia de malware u otros elementos que puedan producir alteraciones en los sistemas inform\u00e1ticos (software y hardware) del usuario o en sus documentos electr\u00f3nicos y ficheros contenidos en los mismos, aunque pongo todos los medios necesarios y las medidas de seguridad oportunas para evitar la presencia de estos elementos da\u00f1inos. <\/p>\n\n\n\n<h2 class=\"wp-block-heading\"><strong>MEDIDAS DE SEGURIDAD<\/strong><\/h2>\n\n\n\n<p>Los datos personales comunicados por el usuario a Lidia Ruiz Revilla pueden ser almacenados en bases de datos automatizadas o no, cuya titularidad corresponde en exclusiva a Lidia Ruiz Revilla, asumiendo \u00e9sta todas las medidas de \u00edndole t\u00e9cnica, organizativa y de seguridad que garantizan la confidencialidad, integridad y calidad de la informaci\u00f3n contenida en las mismas de acuerdo con lo establecido en la normativa vigente en protecci\u00f3n de datos.<\/p>\n\n\n\n<p>La comunicaci\u00f3n entre los usuarios y lidiaruizrevilla.com utiliza un canal seguro, y los datos transmitidos son cifrados gracias al protocolo https, por tanto, dispongo las mejores condiciones de seguridad para que la confidencialidad de los usuarios est\u00e9 garantizada. <\/p>\n\n\n\n<h2 class=\"wp-block-heading\"><strong>PLATAFORMA DE RESOLUCI\u00d3N DE CONFLICTOS<\/strong><\/h2>\n\n\n\n<p>Pongo tambi\u00e9n a disposici\u00f3n de los usuarios la plataforma de resoluci\u00f3n de litigios que facilita la Comisi\u00f3n Europea y que se encuentra disponible en el siguiente enlace: <a href=\"https:\/\/ec.europa.eu\/consumers\/odr\/\" target=\"_blank\" rel=\"noopener\">https:\/\/ec.europa.eu\/consumers\/odr\/<\/a>.<\/p>\n\n\n\n<h2 class=\"wp-block-heading\"><strong>EXCLUSI\u00d3N DE GARANT\u00cdAS Y RESPONSABLE<\/strong><\/h2>\n\n\n\n<p>Lidia Ruiz Revilla no otorga ninguna garant\u00eda ni se hace responsable, en ning\u00fan caso, de los da\u00f1os y perjuicios de cualquier naturaleza que pudieran traer causa de:<\/p>\n\n\n\n<ul class=\"wp-block-list\">\n<li>La falta de disponibilidad, mantenimiento y efectivo funcionamiento de la web, o de sus servicios y contenidos.<\/li>\n\n\n\n<li>La existencia de malware, programas maliciosos o lesivos en los contenidos.<\/li>\n\n\n\n<li>El uso il\u00edcito, negligente, fraudulento o contrario a este Aviso Legal.<\/li>\n\n\n\n<li>La falta de licitud, calidad, fiabilidad, utilidad y disponibilidad de los servicios prestados por terceros y puestos a disposici\u00f3n de los usuarios en el sitio web.<\/li>\n\n\n\n<li>El prestador no se hace responsable bajo ning\u00fan concepto de los da\u00f1os que pudieran dimanar del uso ilegal o indebido de la presente p\u00e1gina web.<\/li>\n<\/ul>\n\n\n\n<h2 class=\"wp-block-heading\"><strong>LEY APLICABLE Y JURISDICCI\u00d3N<span id=\"docs-internal-guid-6c4856e9-7fff-fd66-47b4-1e99f2bb7f6a\" style=\"font-weight:normal;\"><div><span style=\"font-size: 18pt; font-family: Montserrat, sans-serif; color: rgb(0, 0, 0); background-color: transparent; font-weight: 700; font-variant-numeric: normal; font-variant-east-asian: normal; font-variant-alternates: normal; font-variant-position: normal; vertical-align: baseline;\"><\/span><\/div><\/span><\/strong><\/h2>\n\n\n\n<p>Con car\u00e1cter general las relaciones entre Lidia Ruiz Revilla y los usuarios de sus servicios telem\u00e1ticos presentes en esta web, se encuentran sometidas a la legislaci\u00f3n y jurisdicci\u00f3n espa\u00f1olas y a los tribunales de Cantabria.<\/p>\n\n\n\n<p>En caso de que cualquier usuario tuviese alguna duda acerca de las condiciones de este Aviso Legal o cualquier comentario sobre el portal lidiaruizrevilla.com por favor dir\u00edjase a <a href=\"mailto:hello@lidiaruizrevilla.com\">hello@lidiaruizrevilla.com<\/a>.<\/p>\n\n\n\n<p>El Aviso Legal ha sido actualizado por \u00faltima vez el 09\/09\/2024.<\/p>\n<\/div>\n","protected":false},"excerpt":{"rendered":"<p>Est\u00e1s en un espacio comprometido con los derechos de sus usuarios, y por esta raz\u00f3n, tendr\u00e1s m\u00e1xima transparencia y rigor sobre todo lo que necesitas saber sobre esta web. Esta web cumple rigurosamente con la Ley Org\u00e1nica 3\/2018, de 5 de diciembre, de Protecci\u00f3n de Datos Personales y garant\u00eda de los derechos digitales (LOPDGDD). Cumple [&hellip;]<\/p>\n","protected":false},"author":2,"featured_media":0,"parent":0,"menu_order":4,"comment_status":"closed","ping_status":"closed","template":"","meta":{"footnotes":""},"class_list":["post-1520","page","type-page","status-publish","hentry"],"_links":{"self":[{"href":"https:\/\/lidiaruizrevilla.com\/es\/wp-json\/wp\/v2\/pages\/1520","targetHints":{"allow":["GET"]}}],"collection":[{"href":"https:\/\/lidiaruizrevilla.com\/es\/wp-json\/wp\/v2\/pages"}],"about":[{"href":"https:\/\/lidiaruizrevilla.com\/es\/wp-json\/wp\/v2\/types\/page"}],"author":[{"embeddable":true,"href":"https:\/\/lidiaruizrevilla.com\/es\/wp-json\/wp\/v2\/users\/2"}],"replies":[{"embeddable":true,"href":"https:\/\/lidiaruizrevilla.com\/es\/wp-json\/wp\/v2\/comments?post=1520"}],"version-history":[{"count":3,"href":"https:\/\/lidiaruizrevilla.com\/es\/wp-json\/wp\/v2\/pages\/1520\/revisions"}],"predecessor-version":[{"id":1535,"href":"https:\/\/lidiaruizrevilla.com\/es\/wp-json\/wp\/v2\/pages\/1520\/revisions\/1535"}],"wp:attachment":[{"href":"https:\/\/lidiaruizrevilla.com\/es\/wp-json\/wp\/v2\/media?parent=1520"}],"curies":[{"name":"wp","href":"https:\/\/api.w.org\/{rel}","templated":true}]}}